{"id":776,"date":"2015-12-29T11:41:52","date_gmt":"2015-12-29T11:41:52","guid":{"rendered":"https:\/\/www.stammconsultinggroup.com\/es\/lean-management-2\/"},"modified":"2025-12-11T14:21:57","modified_gmt":"2025-12-11T14:21:57","slug":"lean-management-2","status":"publish","type":"page","link":"https:\/\/www.stammconsultinggroup.com\/es\/lean-management-2\/","title":{"rendered":"Lean Management"},"content":{"rendered":"<p>Stamm Consulting Group delivers Lean Management seminars and training workshops geared to the implementation and proper internal use of this methodology.<\/p>\n<p>Stamm Consulting Group offers a\u00a0dynamic environment, specialized in project management and continuous improvement of business processes.<\/p>\n<p>Our main services are optimizing business processes, oriented added value and the active implementation of these, focusing on the consolidation, restructuring, Interim Management and Lean Management.<\/p>\n<p>We have a team of professionals with extensive experience in international and multicultural companies.<\/p>\n<p>Our services focus mainly on operational improvements:<\/p>\n<ul>\n<li>Advice on strategies, processes, operations and active execution<\/li>\n<li>Managing of suppliers (time, quality etc.)<\/li>\n<li>Support for the launch of new products<\/li>\n<li>Restructuring of operating companies<\/li>\n<li>Optimization of business processes (HR, finance, procurement)<\/li>\n<li>Support in R + D + I and internationalization<\/li>\n<li>Implementation and information of Lean philosophy<\/li>\n<li>Training \/ Workshop: Tools Lean, 5S, DMAIC, Continuous Improvement (Kaizen)<\/li>\n<li>Optimization of material flow (logistics)<\/li>\n<\/ul>\n<p><strong>IMPLEMENTATION OF LEAN MANAGEMENT TOOLS &amp; PROJECT ADVISEMENT<\/strong><br \/>\nLean management is not an operations concept fad. It is a mindset and a goal: to deliver true value across your teams and external stakeholders. Stamm Consulting Group does not only\u00a0introduce Lean Management concepts to your team and helps\u00a0your professionals\u00a0to understand and assimilate the\u00a0teaching, but\u00a0also and most importantly\u00a0helps them to take\u00a0your organization to a new level of operational management.<\/p>\n<p><strong>LEAN MANAGEMENT SEMINARS<\/strong><br \/>\nSCG provides tailored Lean Management seminars to meet the needs and goals\u00a0of your organization. These seminars can be\u00a0held anywhere in Europe and can be performed in English, German and Spanish.<\/p>\n","protected":false},"excerpt":{"rendered":"<p>Stamm Consulting Group delivers Lean Management seminars and training workshops geared to the implementation and proper internal use of this methodology. Stamm Consulting Group offers a\u00a0dynamic environment, specialized in project management and continuous improvement of business processes. Our main services are optimizing business processes, oriented added value and the active implementation of these, focusing on [&hellip;]<\/p>\n","protected":false},"author":2,"featured_media":0,"parent":0,"menu_order":0,"comment_status":"closed","ping_status":"closed","template":"","meta":{"footnotes":""},"class_list":["post-776","page","type-page","status-publish","hentry"],"yoast_head":"<!-- This site is optimized with the Yoast SEO plugin v27.3 - https:\/\/yoast.com\/product\/yoast-seo-wordpress\/ -->\n<title>Stamm Consulting Group | M\u00e9todo Lean y liderazgo<\/title>\n<meta name=\"description\" content=\"Mediante una consultor\u00eda personalizada y el Interim management, Stamm Consulting Group ayuda a optimizar procesos para alcanzar el \u00e9xito empresarial.\" \/>\n<meta name=\"robots\" content=\"index, follow, max-snippet:-1, max-image-preview:large, max-video-preview:-1\" \/>\n<link rel=\"canonical\" href=\"https:\/\/www.stammconsultinggroup.com\/es\/lean-management-2\/\" \/>\n<meta property=\"og:locale\" content=\"es_ES\" \/>\n<meta property=\"og:type\" content=\"article\" \/>\n<meta property=\"og:title\" content=\"Stamm Consulting Group | M\u00e9todo Lean y liderazgo\" \/>\n<meta property=\"og:description\" content=\"Mediante una consultor\u00eda personalizada y el Interim management, Stamm Consulting Group ayuda a optimizar procesos para alcanzar el \u00e9xito empresarial.\" \/>\n<meta property=\"og:url\" content=\"https:\/\/www.stammconsultinggroup.com\/es\/lean-management-2\/\" \/>\n<meta property=\"og:site_name\" content=\"Stamm Consulting Group\" \/>\n<meta property=\"article:modified_time\" content=\"2025-12-11T14:21:57+00:00\" \/>\n<meta name=\"twitter:card\" content=\"summary_large_image\" \/>\n<meta name=\"twitter:label1\" content=\"Tiempo de lectura\" \/>\n\t<meta name=\"twitter:data1\" content=\"2 minutos\" \/>\n<script type=\"application\/ld+json\" class=\"yoast-schema-graph\">{\"@context\":\"https:\\\/\\\/schema.org\",\"@graph\":[{\"@type\":\"WebPage\",\"@id\":\"https:\\\/\\\/www.stammconsultinggroup.com\\\/es\\\/lean-management-2\\\/\",\"url\":\"https:\\\/\\\/www.stammconsultinggroup.com\\\/es\\\/lean-management-2\\\/\",\"name\":\"Stamm Consulting Group | M\u00e9todo Lean y liderazgo\",\"isPartOf\":{\"@id\":\"https:\\\/\\\/www.stammconsultinggroup.com\\\/es\\\/#website\"},\"datePublished\":\"2015-12-29T11:41:52+00:00\",\"dateModified\":\"2025-12-11T14:21:57+00:00\",\"description\":\"Mediante una consultor\u00eda personalizada y el Interim management, Stamm Consulting Group ayuda a optimizar procesos para alcanzar el \u00e9xito empresarial.\",\"breadcrumb\":{\"@id\":\"https:\\\/\\\/www.stammconsultinggroup.com\\\/es\\\/lean-management-2\\\/#breadcrumb\"},\"inLanguage\":\"es\",\"potentialAction\":[{\"@type\":\"ReadAction\",\"target\":[\"https:\\\/\\\/www.stammconsultinggroup.com\\\/es\\\/lean-management-2\\\/\"]}]},{\"@type\":\"BreadcrumbList\",\"@id\":\"https:\\\/\\\/www.stammconsultinggroup.com\\\/es\\\/lean-management-2\\\/#breadcrumb\",\"itemListElement\":[{\"@type\":\"ListItem\",\"position\":1,\"name\":\"Home\",\"item\":\"https:\\\/\\\/www.stammconsultinggroup.com\\\/es\\\/\"},{\"@type\":\"ListItem\",\"position\":2,\"name\":\"Lean Management\"}]},{\"@type\":\"WebSite\",\"@id\":\"https:\\\/\\\/www.stammconsultinggroup.com\\\/es\\\/#website\",\"url\":\"https:\\\/\\\/www.stammconsultinggroup.com\\\/es\\\/\",\"name\":\"Stamm Consulting Group\",\"description\":\"Expertise &amp; insights to build competitive industrial operations\",\"potentialAction\":[{\"@type\":\"SearchAction\",\"target\":{\"@type\":\"EntryPoint\",\"urlTemplate\":\"https:\\\/\\\/www.stammconsultinggroup.com\\\/es\\\/?s={search_term_string}\"},\"query-input\":{\"@type\":\"PropertyValueSpecification\",\"valueRequired\":true,\"valueName\":\"search_term_string\"}}],\"inLanguage\":\"es\"}]}<\/script>\n<!-- \/ Yoast SEO plugin. -->","yoast_head_json":{"title":"Stamm Consulting Group | M\u00e9todo Lean y liderazgo","description":"Mediante una consultor\u00eda personalizada y el Interim management, Stamm Consulting Group ayuda a optimizar procesos para alcanzar el \u00e9xito empresarial.","robots":{"index":"index","follow":"follow","max-snippet":"max-snippet:-1","max-image-preview":"max-image-preview:large","max-video-preview":"max-video-preview:-1"},"canonical":"https:\/\/www.stammconsultinggroup.com\/es\/lean-management-2\/","og_locale":"es_ES","og_type":"article","og_title":"Stamm Consulting Group | M\u00e9todo Lean y liderazgo","og_description":"Mediante una consultor\u00eda personalizada y el Interim management, Stamm Consulting Group ayuda a optimizar procesos para alcanzar el \u00e9xito empresarial.","og_url":"https:\/\/www.stammconsultinggroup.com\/es\/lean-management-2\/","og_site_name":"Stamm Consulting Group","article_modified_time":"2025-12-11T14:21:57+00:00","twitter_card":"summary_large_image","twitter_misc":{"Tiempo de lectura":"2 minutos"},"schema":{"@context":"https:\/\/schema.org","@graph":[{"@type":"WebPage","@id":"https:\/\/www.stammconsultinggroup.com\/es\/lean-management-2\/","url":"https:\/\/www.stammconsultinggroup.com\/es\/lean-management-2\/","name":"Stamm Consulting Group | M\u00e9todo Lean y liderazgo","isPartOf":{"@id":"https:\/\/www.stammconsultinggroup.com\/es\/#website"},"datePublished":"2015-12-29T11:41:52+00:00","dateModified":"2025-12-11T14:21:57+00:00","description":"Mediante una consultor\u00eda personalizada y el Interim management, Stamm Consulting Group ayuda a optimizar procesos para alcanzar el \u00e9xito empresarial.","breadcrumb":{"@id":"https:\/\/www.stammconsultinggroup.com\/es\/lean-management-2\/#breadcrumb"},"inLanguage":"es","potentialAction":[{"@type":"ReadAction","target":["https:\/\/www.stammconsultinggroup.com\/es\/lean-management-2\/"]}]},{"@type":"BreadcrumbList","@id":"https:\/\/www.stammconsultinggroup.com\/es\/lean-management-2\/#breadcrumb","itemListElement":[{"@type":"ListItem","position":1,"name":"Home","item":"https:\/\/www.stammconsultinggroup.com\/es\/"},{"@type":"ListItem","position":2,"name":"Lean Management"}]},{"@type":"WebSite","@id":"https:\/\/www.stammconsultinggroup.com\/es\/#website","url":"https:\/\/www.stammconsultinggroup.com\/es\/","name":"Stamm Consulting Group","description":"Expertise &amp; insights to build competitive industrial operations","potentialAction":[{"@type":"SearchAction","target":{"@type":"EntryPoint","urlTemplate":"https:\/\/www.stammconsultinggroup.com\/es\/?s={search_term_string}"},"query-input":{"@type":"PropertyValueSpecification","valueRequired":true,"valueName":"search_term_string"}}],"inLanguage":"es"}]}},"_links":{"self":[{"href":"https:\/\/www.stammconsultinggroup.com\/es\/wp-json\/wp\/v2\/pages\/776","targetHints":{"allow":["GET"]}}],"collection":[{"href":"https:\/\/www.stammconsultinggroup.com\/es\/wp-json\/wp\/v2\/pages"}],"about":[{"href":"https:\/\/www.stammconsultinggroup.com\/es\/wp-json\/wp\/v2\/types\/page"}],"author":[{"embeddable":true,"href":"https:\/\/www.stammconsultinggroup.com\/es\/wp-json\/wp\/v2\/users\/2"}],"replies":[{"embeddable":true,"href":"https:\/\/www.stammconsultinggroup.com\/es\/wp-json\/wp\/v2\/comments?post=776"}],"version-history":[{"count":1,"href":"https:\/\/www.stammconsultinggroup.com\/es\/wp-json\/wp\/v2\/pages\/776\/revisions"}],"predecessor-version":[{"id":2629,"href":"https:\/\/www.stammconsultinggroup.com\/es\/wp-json\/wp\/v2\/pages\/776\/revisions\/2629"}],"wp:attachment":[{"href":"https:\/\/www.stammconsultinggroup.com\/es\/wp-json\/wp\/v2\/media?parent=776"}],"curies":[{"name":"wp","href":"https:\/\/api.w.org\/{rel}","templated":true}]}}