{"id":743,"date":"2016-05-08T10:21:35","date_gmt":"2016-05-08T10:21:35","guid":{"rendered":"https:\/\/www.stammconsultinggroup.com\/es\/process-management\/"},"modified":"2016-09-05T02:23:03","modified_gmt":"2016-09-05T02:23:03","slug":"process-management","status":"publish","type":"page","link":"https:\/\/www.stammconsultinggroup.com\/es\/process-management\/","title":{"rendered":"Gesti\u00f3n de procesos"},"content":{"rendered":"<p>\u00a1Estar guiado por una gesti\u00f3n de procesos significa estar enfocado hac\u00eda el cliente y los resultados!<br \/>\nLa optimizaci\u00f3n de los procesos deber\u00eda de ser un proceso continuo en cada empresa. Stamm Consulting Group (SCG) ayuda a sus clientes a afrontar los procesos m\u00e1s complejos y optimizarlos un 20 % &#8211; 35 %, con un impacto directo en el EBIT. Ayudamos a nuestros clientes a impulsar nuevas tecnolog\u00edas, a aprovechar las necesidades percibidas de los clientes y cumplir los requisitos de flexibilidad en los productos.<\/p>\n<p>SCG les apoya en todos los pasos del proceso: analizamos la cadena de valor, desde la solicitud de pedido hasta el suministro, cubriendo todos los departamentos de ventas, calidad, log\u00edstica, compras, mantenimiento y RRHH.<\/p>\n<p>Una empresa guiada por procesos debe perseguir la mejora continua en los procedimientos y potenciar el cambio en cada uno de sus empleados. SCG ayuda a nuestros clientes a reconfigurar los procesos, construyendo procesos estructurados y efectivos document\u00e1ndolos de forma clara.<\/p>\n<p>Los consultores de SCG, experimentados en estructurar proyectos complejos, cumplen con el abanico de requisitos solicitados desde los m\u00e1s exigentes y pragm\u00e1ticos puntos de vista.\u00a0 Con ello se permite a todas las partes interesadas tener una visi\u00f3n \u00fanica y pormenorizada de las carencias, los problemas y las oportunidades<\/p>\n<p>Los cambios empresariales m\u00e1s exigentes y de gran alcance empiezan con la actitud de los empleados. Cada empleado es el cliente de su predecesor y el proveedor de su sucesor.<\/p>\n<p>A menudo, lo que consideramos como bien hecho, no es lo suficientemente bueno. Nuestro objetivo es a ayudar a nuestros clientes a ser los mejores.<\/p>\n<p>&nbsp;<\/p>\n<p>&nbsp;<\/p>\n","protected":false},"excerpt":{"rendered":"<p>\u00a1Estar guiado por una gesti\u00f3n de procesos significa estar enfocado hac\u00eda el cliente y los resultados! La optimizaci\u00f3n de los procesos deber\u00eda de ser un proceso continuo en cada empresa. Stamm Consulting Group (SCG) ayuda a sus clientes a afrontar los procesos m\u00e1s complejos y optimizarlos un 20 % &#8211; 35 %, con un impacto [&hellip;]<\/p>\n","protected":false},"author":2,"featured_media":0,"parent":0,"menu_order":0,"comment_status":"closed","ping_status":"closed","template":"","meta":{"footnotes":""},"class_list":["post-743","page","type-page","status-publish","hentry"],"yoast_head":"<!-- This site is optimized with the Yoast SEO plugin v27.3 - https:\/\/yoast.com\/product\/yoast-seo-wordpress\/ -->\n<title>Gesti\u00f3n de procesos - Stamm Consulting Group<\/title>\n<meta name=\"robots\" content=\"index, follow, max-snippet:-1, max-image-preview:large, max-video-preview:-1\" \/>\n<link rel=\"canonical\" href=\"https:\/\/www.stammconsultinggroup.com\/es\/process-management\/\" \/>\n<meta property=\"og:locale\" content=\"es_ES\" \/>\n<meta property=\"og:type\" content=\"article\" \/>\n<meta property=\"og:title\" content=\"Gesti\u00f3n de procesos - Stamm Consulting Group\" \/>\n<meta property=\"og:description\" content=\"\u00a1Estar guiado por una gesti\u00f3n de procesos significa estar enfocado hac\u00eda el cliente y los resultados! La optimizaci\u00f3n de los procesos deber\u00eda de ser un proceso continuo en cada empresa. Stamm Consulting Group (SCG) ayuda a sus clientes a afrontar los procesos m\u00e1s complejos y optimizarlos un 20 % &#8211; 35 %, con un impacto [&hellip;]\" \/>\n<meta property=\"og:url\" content=\"https:\/\/www.stammconsultinggroup.com\/es\/process-management\/\" \/>\n<meta property=\"og:site_name\" content=\"Stamm Consulting Group\" \/>\n<meta property=\"article:modified_time\" content=\"2016-09-05T02:23:03+00:00\" \/>\n<meta name=\"twitter:card\" content=\"summary_large_image\" \/>\n<meta name=\"twitter:label1\" content=\"Tiempo de lectura\" \/>\n\t<meta name=\"twitter:data1\" content=\"1 minuto\" \/>\n<script type=\"application\/ld+json\" class=\"yoast-schema-graph\">{\"@context\":\"https:\\\/\\\/schema.org\",\"@graph\":[{\"@type\":\"WebPage\",\"@id\":\"https:\\\/\\\/www.stammconsultinggroup.com\\\/es\\\/process-management\\\/\",\"url\":\"https:\\\/\\\/www.stammconsultinggroup.com\\\/es\\\/process-management\\\/\",\"name\":\"Gesti\u00f3n de procesos - Stamm Consulting Group\",\"isPartOf\":{\"@id\":\"https:\\\/\\\/www.stammconsultinggroup.com\\\/es\\\/#website\"},\"datePublished\":\"2016-05-08T10:21:35+00:00\",\"dateModified\":\"2016-09-05T02:23:03+00:00\",\"breadcrumb\":{\"@id\":\"https:\\\/\\\/www.stammconsultinggroup.com\\\/es\\\/process-management\\\/#breadcrumb\"},\"inLanguage\":\"es\",\"potentialAction\":[{\"@type\":\"ReadAction\",\"target\":[\"https:\\\/\\\/www.stammconsultinggroup.com\\\/es\\\/process-management\\\/\"]}]},{\"@type\":\"BreadcrumbList\",\"@id\":\"https:\\\/\\\/www.stammconsultinggroup.com\\\/es\\\/process-management\\\/#breadcrumb\",\"itemListElement\":[{\"@type\":\"ListItem\",\"position\":1,\"name\":\"Home\",\"item\":\"https:\\\/\\\/www.stammconsultinggroup.com\\\/es\\\/\"},{\"@type\":\"ListItem\",\"position\":2,\"name\":\"Gesti\u00f3n de procesos\"}]},{\"@type\":\"WebSite\",\"@id\":\"https:\\\/\\\/www.stammconsultinggroup.com\\\/es\\\/#website\",\"url\":\"https:\\\/\\\/www.stammconsultinggroup.com\\\/es\\\/\",\"name\":\"Stamm Consulting Group\",\"description\":\"Expertise &amp; insights to build competitive industrial operations\",\"potentialAction\":[{\"@type\":\"SearchAction\",\"target\":{\"@type\":\"EntryPoint\",\"urlTemplate\":\"https:\\\/\\\/www.stammconsultinggroup.com\\\/es\\\/?s={search_term_string}\"},\"query-input\":{\"@type\":\"PropertyValueSpecification\",\"valueRequired\":true,\"valueName\":\"search_term_string\"}}],\"inLanguage\":\"es\"}]}<\/script>\n<!-- \/ Yoast SEO plugin. -->","yoast_head_json":{"title":"Gesti\u00f3n de procesos - Stamm Consulting Group","robots":{"index":"index","follow":"follow","max-snippet":"max-snippet:-1","max-image-preview":"max-image-preview:large","max-video-preview":"max-video-preview:-1"},"canonical":"https:\/\/www.stammconsultinggroup.com\/es\/process-management\/","og_locale":"es_ES","og_type":"article","og_title":"Gesti\u00f3n de procesos - Stamm Consulting Group","og_description":"\u00a1Estar guiado por una gesti\u00f3n de procesos significa estar enfocado hac\u00eda el cliente y los resultados! La optimizaci\u00f3n de los procesos deber\u00eda de ser un proceso continuo en cada empresa. Stamm Consulting Group (SCG) ayuda a sus clientes a afrontar los procesos m\u00e1s complejos y optimizarlos un 20 % &#8211; 35 %, con un impacto [&hellip;]","og_url":"https:\/\/www.stammconsultinggroup.com\/es\/process-management\/","og_site_name":"Stamm Consulting Group","article_modified_time":"2016-09-05T02:23:03+00:00","twitter_card":"summary_large_image","twitter_misc":{"Tiempo de lectura":"1 minuto"},"schema":{"@context":"https:\/\/schema.org","@graph":[{"@type":"WebPage","@id":"https:\/\/www.stammconsultinggroup.com\/es\/process-management\/","url":"https:\/\/www.stammconsultinggroup.com\/es\/process-management\/","name":"Gesti\u00f3n de procesos - Stamm Consulting Group","isPartOf":{"@id":"https:\/\/www.stammconsultinggroup.com\/es\/#website"},"datePublished":"2016-05-08T10:21:35+00:00","dateModified":"2016-09-05T02:23:03+00:00","breadcrumb":{"@id":"https:\/\/www.stammconsultinggroup.com\/es\/process-management\/#breadcrumb"},"inLanguage":"es","potentialAction":[{"@type":"ReadAction","target":["https:\/\/www.stammconsultinggroup.com\/es\/process-management\/"]}]},{"@type":"BreadcrumbList","@id":"https:\/\/www.stammconsultinggroup.com\/es\/process-management\/#breadcrumb","itemListElement":[{"@type":"ListItem","position":1,"name":"Home","item":"https:\/\/www.stammconsultinggroup.com\/es\/"},{"@type":"ListItem","position":2,"name":"Gesti\u00f3n de procesos"}]},{"@type":"WebSite","@id":"https:\/\/www.stammconsultinggroup.com\/es\/#website","url":"https:\/\/www.stammconsultinggroup.com\/es\/","name":"Stamm Consulting Group","description":"Expertise &amp; insights to build competitive industrial operations","potentialAction":[{"@type":"SearchAction","target":{"@type":"EntryPoint","urlTemplate":"https:\/\/www.stammconsultinggroup.com\/es\/?s={search_term_string}"},"query-input":{"@type":"PropertyValueSpecification","valueRequired":true,"valueName":"search_term_string"}}],"inLanguage":"es"}]}},"_links":{"self":[{"href":"https:\/\/www.stammconsultinggroup.com\/es\/wp-json\/wp\/v2\/pages\/743","targetHints":{"allow":["GET"]}}],"collection":[{"href":"https:\/\/www.stammconsultinggroup.com\/es\/wp-json\/wp\/v2\/pages"}],"about":[{"href":"https:\/\/www.stammconsultinggroup.com\/es\/wp-json\/wp\/v2\/types\/page"}],"author":[{"embeddable":true,"href":"https:\/\/www.stammconsultinggroup.com\/es\/wp-json\/wp\/v2\/users\/2"}],"replies":[{"embeddable":true,"href":"https:\/\/www.stammconsultinggroup.com\/es\/wp-json\/wp\/v2\/comments?post=743"}],"version-history":[{"count":0,"href":"https:\/\/www.stammconsultinggroup.com\/es\/wp-json\/wp\/v2\/pages\/743\/revisions"}],"wp:attachment":[{"href":"https:\/\/www.stammconsultinggroup.com\/es\/wp-json\/wp\/v2\/media?parent=743"}],"curies":[{"name":"wp","href":"https:\/\/api.w.org\/{rel}","templated":true}]}}