{"id":727,"date":"2016-03-11T11:38:41","date_gmt":"2016-03-11T11:38:41","guid":{"rendered":"https:\/\/www.stammconsultinggroup.com\/es\/about-scg\/"},"modified":"2025-12-11T14:19:25","modified_gmt":"2025-12-11T14:19:25","slug":"about-scg","status":"publish","type":"page","link":"https:\/\/www.stammconsultinggroup.com\/es\/about-scg\/","title":{"rendered":"Qui\u00e9nes somos"},"content":{"rendered":"","protected":false},"excerpt":{"rendered":"","protected":false},"author":2,"featured_media":0,"parent":0,"menu_order":0,"comment_status":"closed","ping_status":"closed","template":"","meta":{"footnotes":""},"class_list":["post-727","page","type-page","status-publish","hentry"],"yoast_head":"<!-- This site is optimized with the Yoast SEO plugin v27.3 - https:\/\/yoast.com\/product\/yoast-seo-wordpress\/ -->\n<title>Stamm Consulting Group Interim Management | Qui\u00e9nes somos<\/title>\n<meta name=\"description\" content=\"Stamm Consulting Group somos un equipo de consultores con m\u00e1s de 20 a\u00f1os de experiencia, especializados en la metodolog\u00eda Lean y el Interim management.\" \/>\n<meta name=\"robots\" content=\"index, follow, max-snippet:-1, max-image-preview:large, max-video-preview:-1\" \/>\n<link rel=\"canonical\" href=\"https:\/\/www.stammconsultinggroup.com\/es\/about-scg\/\" \/>\n<meta property=\"og:locale\" content=\"es_ES\" \/>\n<meta property=\"og:type\" content=\"article\" \/>\n<meta property=\"og:title\" content=\"Stamm Consulting Group Interim Management | Qui\u00e9nes somos\" \/>\n<meta property=\"og:description\" content=\"Stamm Consulting Group somos un equipo de consultores con m\u00e1s de 20 a\u00f1os de experiencia, especializados en la metodolog\u00eda Lean y el Interim management.\" \/>\n<meta property=\"og:url\" content=\"https:\/\/www.stammconsultinggroup.com\/es\/about-scg\/\" \/>\n<meta property=\"og:site_name\" content=\"Stamm Consulting Group\" \/>\n<meta property=\"article:modified_time\" content=\"2025-12-11T14:19:25+00:00\" \/>\n<meta name=\"twitter:card\" content=\"summary_large_image\" \/>\n<script type=\"application\/ld+json\" class=\"yoast-schema-graph\">{\"@context\":\"https:\\\/\\\/schema.org\",\"@graph\":[{\"@type\":\"WebPage\",\"@id\":\"https:\\\/\\\/www.stammconsultinggroup.com\\\/es\\\/about-scg\\\/\",\"url\":\"https:\\\/\\\/www.stammconsultinggroup.com\\\/es\\\/about-scg\\\/\",\"name\":\"Stamm Consulting Group Interim Management | Qui\u00e9nes somos\",\"isPartOf\":{\"@id\":\"https:\\\/\\\/www.stammconsultinggroup.com\\\/es\\\/#website\"},\"datePublished\":\"2016-03-11T11:38:41+00:00\",\"dateModified\":\"2025-12-11T14:19:25+00:00\",\"description\":\"Stamm Consulting Group somos un equipo de consultores con m\u00e1s de 20 a\u00f1os de experiencia, especializados en la metodolog\u00eda Lean y el Interim management.\",\"breadcrumb\":{\"@id\":\"https:\\\/\\\/www.stammconsultinggroup.com\\\/es\\\/about-scg\\\/#breadcrumb\"},\"inLanguage\":\"es\",\"potentialAction\":[{\"@type\":\"ReadAction\",\"target\":[\"https:\\\/\\\/www.stammconsultinggroup.com\\\/es\\\/about-scg\\\/\"]}]},{\"@type\":\"BreadcrumbList\",\"@id\":\"https:\\\/\\\/www.stammconsultinggroup.com\\\/es\\\/about-scg\\\/#breadcrumb\",\"itemListElement\":[{\"@type\":\"ListItem\",\"position\":1,\"name\":\"Home\",\"item\":\"https:\\\/\\\/www.stammconsultinggroup.com\\\/es\\\/\"},{\"@type\":\"ListItem\",\"position\":2,\"name\":\"Qui\u00e9nes somos\"}]},{\"@type\":\"WebSite\",\"@id\":\"https:\\\/\\\/www.stammconsultinggroup.com\\\/es\\\/#website\",\"url\":\"https:\\\/\\\/www.stammconsultinggroup.com\\\/es\\\/\",\"name\":\"Stamm Consulting Group\",\"description\":\"Expertise &amp; insights to build competitive industrial operations\",\"potentialAction\":[{\"@type\":\"SearchAction\",\"target\":{\"@type\":\"EntryPoint\",\"urlTemplate\":\"https:\\\/\\\/www.stammconsultinggroup.com\\\/es\\\/?s={search_term_string}\"},\"query-input\":{\"@type\":\"PropertyValueSpecification\",\"valueRequired\":true,\"valueName\":\"search_term_string\"}}],\"inLanguage\":\"es\"}]}<\/script>\n<!-- \/ Yoast SEO plugin. -->","yoast_head_json":{"title":"Stamm Consulting Group Interim Management | Qui\u00e9nes somos","description":"Stamm Consulting Group somos un equipo de consultores con m\u00e1s de 20 a\u00f1os de experiencia, especializados en la metodolog\u00eda Lean y el Interim management.","robots":{"index":"index","follow":"follow","max-snippet":"max-snippet:-1","max-image-preview":"max-image-preview:large","max-video-preview":"max-video-preview:-1"},"canonical":"https:\/\/www.stammconsultinggroup.com\/es\/about-scg\/","og_locale":"es_ES","og_type":"article","og_title":"Stamm Consulting Group Interim Management | Qui\u00e9nes somos","og_description":"Stamm Consulting Group somos un equipo de consultores con m\u00e1s de 20 a\u00f1os de experiencia, especializados en la metodolog\u00eda Lean y el Interim management.","og_url":"https:\/\/www.stammconsultinggroup.com\/es\/about-scg\/","og_site_name":"Stamm Consulting Group","article_modified_time":"2025-12-11T14:19:25+00:00","twitter_card":"summary_large_image","schema":{"@context":"https:\/\/schema.org","@graph":[{"@type":"WebPage","@id":"https:\/\/www.stammconsultinggroup.com\/es\/about-scg\/","url":"https:\/\/www.stammconsultinggroup.com\/es\/about-scg\/","name":"Stamm Consulting Group Interim Management | Qui\u00e9nes somos","isPartOf":{"@id":"https:\/\/www.stammconsultinggroup.com\/es\/#website"},"datePublished":"2016-03-11T11:38:41+00:00","dateModified":"2025-12-11T14:19:25+00:00","description":"Stamm Consulting Group somos un equipo de consultores con m\u00e1s de 20 a\u00f1os de experiencia, especializados en la metodolog\u00eda Lean y el Interim management.","breadcrumb":{"@id":"https:\/\/www.stammconsultinggroup.com\/es\/about-scg\/#breadcrumb"},"inLanguage":"es","potentialAction":[{"@type":"ReadAction","target":["https:\/\/www.stammconsultinggroup.com\/es\/about-scg\/"]}]},{"@type":"BreadcrumbList","@id":"https:\/\/www.stammconsultinggroup.com\/es\/about-scg\/#breadcrumb","itemListElement":[{"@type":"ListItem","position":1,"name":"Home","item":"https:\/\/www.stammconsultinggroup.com\/es\/"},{"@type":"ListItem","position":2,"name":"Qui\u00e9nes somos"}]},{"@type":"WebSite","@id":"https:\/\/www.stammconsultinggroup.com\/es\/#website","url":"https:\/\/www.stammconsultinggroup.com\/es\/","name":"Stamm Consulting Group","description":"Expertise &amp; insights to build competitive industrial operations","potentialAction":[{"@type":"SearchAction","target":{"@type":"EntryPoint","urlTemplate":"https:\/\/www.stammconsultinggroup.com\/es\/?s={search_term_string}"},"query-input":{"@type":"PropertyValueSpecification","valueRequired":true,"valueName":"search_term_string"}}],"inLanguage":"es"}]}},"_links":{"self":[{"href":"https:\/\/www.stammconsultinggroup.com\/es\/wp-json\/wp\/v2\/pages\/727","targetHints":{"allow":["GET"]}}],"collection":[{"href":"https:\/\/www.stammconsultinggroup.com\/es\/wp-json\/wp\/v2\/pages"}],"about":[{"href":"https:\/\/www.stammconsultinggroup.com\/es\/wp-json\/wp\/v2\/types\/page"}],"author":[{"embeddable":true,"href":"https:\/\/www.stammconsultinggroup.com\/es\/wp-json\/wp\/v2\/users\/2"}],"replies":[{"embeddable":true,"href":"https:\/\/www.stammconsultinggroup.com\/es\/wp-json\/wp\/v2\/comments?post=727"}],"version-history":[{"count":1,"href":"https:\/\/www.stammconsultinggroup.com\/es\/wp-json\/wp\/v2\/pages\/727\/revisions"}],"predecessor-version":[{"id":2627,"href":"https:\/\/www.stammconsultinggroup.com\/es\/wp-json\/wp\/v2\/pages\/727\/revisions\/2627"}],"wp:attachment":[{"href":"https:\/\/www.stammconsultinggroup.com\/es\/wp-json\/wp\/v2\/media?parent=727"}],"curies":[{"name":"wp","href":"https:\/\/api.w.org\/{rel}","templated":true}]}}